{"id":564,"date":"2023-10-03T13:17:53","date_gmt":"2023-10-03T13:17:53","guid":{"rendered":"https:\/\/gut-mietservice.de\/?page_id=564"},"modified":"2023-10-03T13:25:22","modified_gmt":"2023-10-03T13:25:22","slug":"imressum","status":"publish","type":"page","link":"https:\/\/gut-mietservice.de\/?page_id=564","title":{"rendered":"Impressum"},"content":{"rendered":"\n<p class=\"wp-block-paragraph\">Angaben gem\u00e4\u00df \u00a7 5 TMG<\/p>\n\n\n\n<p class=\"wp-block-paragraph\">Gut Mietservice<br>Grassmann und Tharang GbR<br>Ober dem Hofe 12<br>51515 K\u00fcrten<br>Deutschland<br>(nachfolgend auch \u201ewir\u201c)<\/p>\n\n\n\n<p class=\"wp-block-paragraph\">Kontakt<br>E-Mail: info@gut-mietservice.de<br>+49 1575 0333 110<\/p>\n\n\n\n<p class=\"wp-block-paragraph\">Inhaltlich Verantwortlicher gem\u00e4\u00df \u00a7 55 Abs<a href=\"http:\/\/muster-impressum.de\/vorlagen\/musterimpressum-fuer-einen-kleinunternehmer\/\">.<\/a>&nbsp;2 RStV: Florian Tharang<\/p>\n\n\n\n<p class=\"wp-block-paragraph\">Hinweise:<\/p>\n\n\n\n<p class=\"wp-block-paragraph\">Kleinunternehmer i. S. v. \u00a7 19 Abs. 1 UStG haben ein Wahlrecht<a href=\"http:\/\/muster-impressum.de\/vorlagen\/musterimpressum-fuer-einen-kleinunternehmer\/\" target=\"_blank\" rel=\"noreferrer noopener\">,<\/a>&nbsp;ob sie Umsatzsteuer abf\u00fchren wollen. Entscheiden sie sich gegen die Abf\u00fchrung, ben\u00f6tigen sie grunds\u00e4tzlich keine Umsatzsteuer-Identifikationsnummer. Dementsprechend m\u00fcssen sie auch im Impressum keine Umsatzsteuer-Identifikationsnummer angeben. Hinzu kommt, da\u00df Kleinunternehmer h\u00e4ufig nicht ins Handelsregister eingetragen sind, so da\u00df auch insoweit keine Angaben erforderlich sind.<\/p>\n\n\n\n<p class=\"wp-block-paragraph\">Streitschlichtung<br>Wir sind zur Teilnahme an einem Streitbeilegungsverfahren vor einer Verbraucherschlichtungsstelle nicht verpflichtet und k\u00f6nnen Ihnen ein solches Verfahren auch nicht anbieten.<\/p>\n\n\n\n<p class=\"wp-block-paragraph\">Die Plattform der EU-Kommission zur Online-Streitbeilegung finden Sie im Internet unter http:\/\/ec.europa.eu\/consumers\/odr\/.<\/p>\n\n\n\n<p class=\"wp-block-paragraph\">Widerspruch gegen Werbung<br>Der Nutzung unserer Kontaktdaten zur \u00dcbersendung von nicht ausdr\u00fccklich angeforderter Werbung und Informationsmaterialien wird hiermit widersprochen. Wir behalten uns ausdr\u00fccklich rechtliche Schritte im Falle der unverlangten Zusendung von Werbeinformationen vor.<\/p>\n\n\n\n<p class=\"wp-block-paragraph\">Haftung f\u00fcr Inhalte<br>F\u00fcr eigene Inhalte auf diesen Seiten sind wir nach den allgemeinen Gesetzen verantwortlich.<\/p>\n\n\n\n<p class=\"wp-block-paragraph\">Haftung f\u00fcr Links<br>Unser Angebot enth\u00e4lt ggf. Links zu externen Webseiten Dritter, auf deren Inhalte wir keinen Einfluss haben. Wir \u00fcbernehmen keine Haftung f\u00fcr diese fremden Inhalte und distanzieren uns ausdr\u00fccklich von ihnen. F\u00fcr die Inhalte der verlinkten Seiten ist der jeweilige Anbieter der Seiten verantwortlich. Die verlinkten Seiten wurden zum Zeitpunkt der Verlinkung auf offensichtliche Rechtsverst\u00f6\u00dfe \u00fcberpr\u00fcft. Offensichtlich rechtswidrige Inhalte waren zum Zeitpunkt der Verlinkung nicht erkennbar. Eine permanente inhaltliche Kontrolle der verlinkten Seiten ist jedoch ohne konkrete Anhaltspunkte einer Rechtsverletzung nicht zumutbar. Bei Bekanntwerden von Rechtsverletzungen werden wir derartige Links umgehend entfernen.<\/p>\n","protected":false},"excerpt":{"rendered":"<p>Angaben gem\u00e4\u00df \u00a7 5 TMG Gut MietserviceGrassmann und Tharang GbROber dem Hofe 1251515 K\u00fcrtenDeutschland(nachfolgend auch \u201ewir\u201c) KontaktE-Mail: info@gut-mietservice.de+49 1575 0333 110 Inhaltlich Verantwortlicher gem\u00e4\u00df \u00a7 55 Abs.&nbsp;2 RStV: Florian Tharang Hinweise: Kleinunternehmer i. S. v. \u00a7 19 Abs. 1 UStG haben ein Wahlrecht,&nbsp;ob sie Umsatzsteuer abf\u00fchren wollen. Entscheiden sie sich gegen die Abf\u00fchrung, ben\u00f6tigen sie&hellip; <a class=\"more-link\" href=\"https:\/\/gut-mietservice.de\/?page_id=564\"><span class=\"screen-reader-text\">Impressum<\/span> weiterlesen<\/a><\/p>\n","protected":false},"author":1,"featured_media":0,"parent":0,"menu_order":0,"comment_status":"closed","ping_status":"closed","template":"","meta":{"_crdt_document":"","footnotes":""},"class_list":["post-564","page","type-page","status-publish","hentry","entry"],"yoast_head":"<!-- This site is optimized with the Yoast SEO plugin v27.3 - https:\/\/yoast.com\/product\/yoast-seo-wordpress\/ -->\n<title>Impressum - GUT Mietservice<\/title>\n<meta name=\"robots\" content=\"index, follow, max-snippet:-1, max-image-preview:large, max-video-preview:-1\" \/>\n<link rel=\"canonical\" href=\"https:\/\/gut-mietservice.de\/?page_id=564\" \/>\n<meta property=\"og:locale\" content=\"de_DE\" \/>\n<meta property=\"og:type\" content=\"article\" \/>\n<meta property=\"og:title\" content=\"Impressum - GUT Mietservice\" \/>\n<meta property=\"og:description\" content=\"Angaben gem\u00e4\u00df \u00a7 5 TMG Gut MietserviceGrassmann und Tharang GbROber dem Hofe 1251515 K\u00fcrtenDeutschland(nachfolgend auch \u201ewir\u201c) KontaktE-Mail: info@gut-mietservice.de+49 1575 0333 110 Inhaltlich Verantwortlicher gem\u00e4\u00df \u00a7 55 Abs.&nbsp;2 RStV: Florian Tharang Hinweise: Kleinunternehmer i. S. v. \u00a7 19 Abs. 1 UStG haben ein Wahlrecht,&nbsp;ob sie Umsatzsteuer abf\u00fchren wollen. Entscheiden sie sich gegen die Abf\u00fchrung, ben\u00f6tigen sie&hellip; Impressum weiterlesen\" \/>\n<meta property=\"og:url\" content=\"https:\/\/gut-mietservice.de\/?page_id=564\" \/>\n<meta property=\"og:site_name\" content=\"GUT Mietservice\" \/>\n<meta property=\"article:modified_time\" content=\"2023-10-03T13:25:22+00:00\" \/>\n<meta name=\"twitter:card\" content=\"summary_large_image\" \/>\n<meta name=\"twitter:label1\" content=\"Gesch\u00e4tzte Lesezeit\" \/>\n\t<meta name=\"twitter:data1\" content=\"1\u00a0Minute\" \/>\n<script type=\"application\/ld+json\" class=\"yoast-schema-graph\">{\"@context\":\"https:\\\/\\\/schema.org\",\"@graph\":[{\"@type\":\"WebPage\",\"@id\":\"https:\\\/\\\/gut-mietservice.de\\\/?page_id=564\",\"url\":\"https:\\\/\\\/gut-mietservice.de\\\/?page_id=564\",\"name\":\"Impressum - GUT Mietservice\",\"isPartOf\":{\"@id\":\"https:\\\/\\\/gut-mietservice.de\\\/#website\"},\"datePublished\":\"2023-10-03T13:17:53+00:00\",\"dateModified\":\"2023-10-03T13:25:22+00:00\",\"breadcrumb\":{\"@id\":\"https:\\\/\\\/gut-mietservice.de\\\/?page_id=564#breadcrumb\"},\"inLanguage\":\"de\",\"potentialAction\":[{\"@type\":\"ReadAction\",\"target\":[\"https:\\\/\\\/gut-mietservice.de\\\/?page_id=564\"]}]},{\"@type\":\"BreadcrumbList\",\"@id\":\"https:\\\/\\\/gut-mietservice.de\\\/?page_id=564#breadcrumb\",\"itemListElement\":[{\"@type\":\"ListItem\",\"position\":1,\"name\":\"Startseite\",\"item\":\"https:\\\/\\\/gut-mietservice.de\\\/\"},{\"@type\":\"ListItem\",\"position\":2,\"name\":\"Impressum\"}]},{\"@type\":\"WebSite\",\"@id\":\"https:\\\/\\\/gut-mietservice.de\\\/#website\",\"url\":\"https:\\\/\\\/gut-mietservice.de\\\/\",\"name\":\"GUT Mietservice\",\"description\":\"Vermietung und Vertrieb von Baumaschinen\",\"publisher\":{\"@id\":\"https:\\\/\\\/gut-mietservice.de\\\/#organization\"},\"potentialAction\":[{\"@type\":\"SearchAction\",\"target\":{\"@type\":\"EntryPoint\",\"urlTemplate\":\"https:\\\/\\\/gut-mietservice.de\\\/?s={search_term_string}\"},\"query-input\":{\"@type\":\"PropertyValueSpecification\",\"valueRequired\":true,\"valueName\":\"search_term_string\"}}],\"inLanguage\":\"de\"},{\"@type\":\"Organization\",\"@id\":\"https:\\\/\\\/gut-mietservice.de\\\/#organization\",\"name\":\"GUT Mietservice\",\"url\":\"https:\\\/\\\/gut-mietservice.de\\\/\",\"logo\":{\"@type\":\"ImageObject\",\"inLanguage\":\"de\",\"@id\":\"https:\\\/\\\/gut-mietservice.de\\\/#\\\/schema\\\/logo\\\/image\\\/\",\"url\":\"https:\\\/\\\/gut-mietservice.de\\\/wp-content\\\/uploads\\\/cropped-Screenshot_20230930_142022_Chrome.jpg\",\"contentUrl\":\"https:\\\/\\\/gut-mietservice.de\\\/wp-content\\\/uploads\\\/cropped-Screenshot_20230930_142022_Chrome.jpg\",\"width\":785,\"height\":262,\"caption\":\"GUT Mietservice\"},\"image\":{\"@id\":\"https:\\\/\\\/gut-mietservice.de\\\/#\\\/schema\\\/logo\\\/image\\\/\"}}]}<\/script>\n<!-- \/ Yoast SEO plugin. -->","yoast_head_json":{"title":"Impressum - GUT Mietservice","robots":{"index":"index","follow":"follow","max-snippet":"max-snippet:-1","max-image-preview":"max-image-preview:large","max-video-preview":"max-video-preview:-1"},"canonical":"https:\/\/gut-mietservice.de\/?page_id=564","og_locale":"de_DE","og_type":"article","og_title":"Impressum - GUT Mietservice","og_description":"Angaben gem\u00e4\u00df \u00a7 5 TMG Gut MietserviceGrassmann und Tharang GbROber dem Hofe 1251515 K\u00fcrtenDeutschland(nachfolgend auch \u201ewir\u201c) KontaktE-Mail: info@gut-mietservice.de+49 1575 0333 110 Inhaltlich Verantwortlicher gem\u00e4\u00df \u00a7 55 Abs.&nbsp;2 RStV: Florian Tharang Hinweise: Kleinunternehmer i. S. v. \u00a7 19 Abs. 1 UStG haben ein Wahlrecht,&nbsp;ob sie Umsatzsteuer abf\u00fchren wollen. Entscheiden sie sich gegen die Abf\u00fchrung, ben\u00f6tigen sie&hellip; Impressum weiterlesen","og_url":"https:\/\/gut-mietservice.de\/?page_id=564","og_site_name":"GUT Mietservice","article_modified_time":"2023-10-03T13:25:22+00:00","twitter_card":"summary_large_image","twitter_misc":{"Gesch\u00e4tzte Lesezeit":"1\u00a0Minute"},"schema":{"@context":"https:\/\/schema.org","@graph":[{"@type":"WebPage","@id":"https:\/\/gut-mietservice.de\/?page_id=564","url":"https:\/\/gut-mietservice.de\/?page_id=564","name":"Impressum - GUT Mietservice","isPartOf":{"@id":"https:\/\/gut-mietservice.de\/#website"},"datePublished":"2023-10-03T13:17:53+00:00","dateModified":"2023-10-03T13:25:22+00:00","breadcrumb":{"@id":"https:\/\/gut-mietservice.de\/?page_id=564#breadcrumb"},"inLanguage":"de","potentialAction":[{"@type":"ReadAction","target":["https:\/\/gut-mietservice.de\/?page_id=564"]}]},{"@type":"BreadcrumbList","@id":"https:\/\/gut-mietservice.de\/?page_id=564#breadcrumb","itemListElement":[{"@type":"ListItem","position":1,"name":"Startseite","item":"https:\/\/gut-mietservice.de\/"},{"@type":"ListItem","position":2,"name":"Impressum"}]},{"@type":"WebSite","@id":"https:\/\/gut-mietservice.de\/#website","url":"https:\/\/gut-mietservice.de\/","name":"GUT Mietservice","description":"Vermietung und Vertrieb von Baumaschinen","publisher":{"@id":"https:\/\/gut-mietservice.de\/#organization"},"potentialAction":[{"@type":"SearchAction","target":{"@type":"EntryPoint","urlTemplate":"https:\/\/gut-mietservice.de\/?s={search_term_string}"},"query-input":{"@type":"PropertyValueSpecification","valueRequired":true,"valueName":"search_term_string"}}],"inLanguage":"de"},{"@type":"Organization","@id":"https:\/\/gut-mietservice.de\/#organization","name":"GUT Mietservice","url":"https:\/\/gut-mietservice.de\/","logo":{"@type":"ImageObject","inLanguage":"de","@id":"https:\/\/gut-mietservice.de\/#\/schema\/logo\/image\/","url":"https:\/\/gut-mietservice.de\/wp-content\/uploads\/cropped-Screenshot_20230930_142022_Chrome.jpg","contentUrl":"https:\/\/gut-mietservice.de\/wp-content\/uploads\/cropped-Screenshot_20230930_142022_Chrome.jpg","width":785,"height":262,"caption":"GUT Mietservice"},"image":{"@id":"https:\/\/gut-mietservice.de\/#\/schema\/logo\/image\/"}}]}},"_links":{"self":[{"href":"https:\/\/gut-mietservice.de\/index.php?rest_route=\/wp\/v2\/pages\/564","targetHints":{"allow":["GET"]}}],"collection":[{"href":"https:\/\/gut-mietservice.de\/index.php?rest_route=\/wp\/v2\/pages"}],"about":[{"href":"https:\/\/gut-mietservice.de\/index.php?rest_route=\/wp\/v2\/types\/page"}],"author":[{"embeddable":true,"href":"https:\/\/gut-mietservice.de\/index.php?rest_route=\/wp\/v2\/users\/1"}],"replies":[{"embeddable":true,"href":"https:\/\/gut-mietservice.de\/index.php?rest_route=%2Fwp%2Fv2%2Fcomments&post=564"}],"version-history":[{"count":2,"href":"https:\/\/gut-mietservice.de\/index.php?rest_route=\/wp\/v2\/pages\/564\/revisions"}],"predecessor-version":[{"id":568,"href":"https:\/\/gut-mietservice.de\/index.php?rest_route=\/wp\/v2\/pages\/564\/revisions\/568"}],"wp:attachment":[{"href":"https:\/\/gut-mietservice.de\/index.php?rest_route=%2Fwp%2Fv2%2Fmedia&parent=564"}],"curies":[{"name":"wp","href":"https:\/\/api.w.org\/{rel}","templated":true}]}}