{"id":552,"date":"2023-10-03T13:10:10","date_gmt":"2023-10-03T13:10:10","guid":{"rendered":"https:\/\/gut-mietservice.de\/?page_id=552"},"modified":"2024-05-11T10:33:58","modified_gmt":"2024-05-11T10:33:58","slug":"gut-mietservice","status":"publish","type":"page","link":"https:\/\/gut-mietservice.de\/","title":{"rendered":"Gut-Mietservice"},"content":{"rendered":"\n<p class=\"wp-block-paragraph\"><\/p>\n\n\n\n<p class=\"wp-block-paragraph\">Sie ben\u00f6tigen schnell eine Maschine f\u00fcr Ihr Projekt?<br>Sie brauchen dazu eine gute, einfache Erkl\u00e4rung wie diese funktioniert? <br>Sie wollen einen Ansprechpartner habe, der sich k\u00fcmmert, wenn die Maschine bei Ihnen nicht so funktioniert wie gew\u00fcnscht?<\/p>\n\n\n\n<p class=\"wp-block-paragraph\"><\/p>\n\n\n\n<p class=\"wp-block-paragraph\"><\/p>\n\n\n\n<p class=\"wp-block-paragraph\">Wir sind Experten.<br>Experten f\u00fcr Kfz und Maschinen.<br>Und auch genervt, dass es immer noch umst\u00e4ndlich ist, Maschinen f\u00fcr unser n\u00e4chstes Garten Projekt zu mieten.<br>Wir wollten nicht mehr mit grummeligen Menschen sprechen, um eine Maschine zu mieten. <br>Wir wollten zuverl\u00e4ssige Maschinen haben, die den Laien, im Umgang mit dieser, nicht vor riesige Herausforderungen stellen.<\/p>\n\n\n\n<p class=\"wp-block-paragraph\"><\/p>\n\n\n\n<p class=\"wp-block-paragraph\">All dies wollen wir mit GUT Mietservice besser als Andere machen.<\/p>\n\n\n\n<p class=\"wp-block-paragraph\">Nehmen Sie Kontakt mit uns auf:<\/p>\n\n\n\n<p class=\"wp-block-paragraph\"><\/p>\n\n\n\n<p class=\"wp-block-paragraph\">email: info@gut-mietservice.de<\/p>\n\n\n\n<p class=\"wp-block-paragraph\"><\/p>\n\n\n\n<p class=\"wp-block-paragraph\">Telefon: 02268 9086854<\/p>\n\n\n\n<p class=\"wp-block-paragraph\"><\/p>\n\n\n\n<p class=\"wp-block-paragraph\">Ober dem Hofe 12, 51515 K\u00fcrten<\/p>\n","protected":false},"excerpt":{"rendered":"<p>Sie ben\u00f6tigen schnell eine Maschine f\u00fcr Ihr Projekt?Sie brauchen dazu eine gute, einfache Erkl\u00e4rung wie diese funktioniert? Sie wollen einen Ansprechpartner habe, der sich k\u00fcmmert, wenn die Maschine bei Ihnen nicht so funktioniert wie gew\u00fcnscht? Wir sind Experten.Experten f\u00fcr Kfz und Maschinen.Und auch genervt, dass es immer noch umst\u00e4ndlich ist, Maschinen f\u00fcr unser n\u00e4chstes Garten&hellip; <a class=\"more-link\" href=\"https:\/\/gut-mietservice.de\/\"><span class=\"screen-reader-text\">Gut-Mietservice<\/span> weiterlesen<\/a><\/p>\n","protected":false},"author":1,"featured_media":0,"parent":0,"menu_order":0,"comment_status":"closed","ping_status":"closed","template":"","meta":{"_crdt_document":"","footnotes":""},"class_list":["post-552","page","type-page","status-publish","hentry","entry"],"yoast_head":"<!-- This site is optimized with the Yoast SEO plugin v27.3 - https:\/\/yoast.com\/product\/yoast-seo-wordpress\/ -->\n<title>Gut-Mietservice - GUT Mietservice<\/title>\n<meta name=\"robots\" content=\"index, follow, max-snippet:-1, max-image-preview:large, max-video-preview:-1\" \/>\n<link rel=\"canonical\" href=\"https:\/\/gut-mietservice.de\/\" \/>\n<meta property=\"og:locale\" content=\"de_DE\" \/>\n<meta property=\"og:type\" content=\"article\" \/>\n<meta property=\"og:title\" content=\"Gut-Mietservice - GUT Mietservice\" \/>\n<meta property=\"og:description\" content=\"Sie ben\u00f6tigen schnell eine Maschine f\u00fcr Ihr Projekt?Sie brauchen dazu eine gute, einfache Erkl\u00e4rung wie diese funktioniert? Sie wollen einen Ansprechpartner habe, der sich k\u00fcmmert, wenn die Maschine bei Ihnen nicht so funktioniert wie gew\u00fcnscht? Wir sind Experten.Experten f\u00fcr Kfz und Maschinen.Und auch genervt, dass es immer noch umst\u00e4ndlich ist, Maschinen f\u00fcr unser n\u00e4chstes Garten&hellip; Gut-Mietservice weiterlesen\" \/>\n<meta property=\"og:url\" content=\"https:\/\/gut-mietservice.de\/\" \/>\n<meta property=\"og:site_name\" content=\"GUT Mietservice\" \/>\n<meta property=\"article:modified_time\" content=\"2024-05-11T10:33:58+00:00\" \/>\n<meta name=\"twitter:card\" content=\"summary_large_image\" \/>\n<meta name=\"twitter:label1\" content=\"Gesch\u00e4tzte Lesezeit\" \/>\n\t<meta name=\"twitter:data1\" content=\"1\u00a0Minute\" \/>\n<script type=\"application\/ld+json\" class=\"yoast-schema-graph\">{\"@context\":\"https:\\\/\\\/schema.org\",\"@graph\":[{\"@type\":\"WebPage\",\"@id\":\"https:\\\/\\\/gut-mietservice.de\\\/\",\"url\":\"https:\\\/\\\/gut-mietservice.de\\\/\",\"name\":\"Gut-Mietservice - GUT Mietservice\",\"isPartOf\":{\"@id\":\"https:\\\/\\\/gut-mietservice.de\\\/#website\"},\"datePublished\":\"2023-10-03T13:10:10+00:00\",\"dateModified\":\"2024-05-11T10:33:58+00:00\",\"breadcrumb\":{\"@id\":\"https:\\\/\\\/gut-mietservice.de\\\/#breadcrumb\"},\"inLanguage\":\"de\",\"potentialAction\":[{\"@type\":\"ReadAction\",\"target\":[\"https:\\\/\\\/gut-mietservice.de\\\/\"]}]},{\"@type\":\"BreadcrumbList\",\"@id\":\"https:\\\/\\\/gut-mietservice.de\\\/#breadcrumb\",\"itemListElement\":[{\"@type\":\"ListItem\",\"position\":1,\"name\":\"Startseite\",\"item\":\"https:\\\/\\\/gut-mietservice.de\\\/\"},{\"@type\":\"ListItem\",\"position\":2,\"name\":\"Gut-Mietservice\"}]},{\"@type\":\"WebSite\",\"@id\":\"https:\\\/\\\/gut-mietservice.de\\\/#website\",\"url\":\"https:\\\/\\\/gut-mietservice.de\\\/\",\"name\":\"GUT Mietservice\",\"description\":\"Vermietung und Vertrieb von Baumaschinen\",\"publisher\":{\"@id\":\"https:\\\/\\\/gut-mietservice.de\\\/#organization\"},\"potentialAction\":[{\"@type\":\"SearchAction\",\"target\":{\"@type\":\"EntryPoint\",\"urlTemplate\":\"https:\\\/\\\/gut-mietservice.de\\\/?s={search_term_string}\"},\"query-input\":{\"@type\":\"PropertyValueSpecification\",\"valueRequired\":true,\"valueName\":\"search_term_string\"}}],\"inLanguage\":\"de\"},{\"@type\":\"Organization\",\"@id\":\"https:\\\/\\\/gut-mietservice.de\\\/#organization\",\"name\":\"GUT Mietservice\",\"url\":\"https:\\\/\\\/gut-mietservice.de\\\/\",\"logo\":{\"@type\":\"ImageObject\",\"inLanguage\":\"de\",\"@id\":\"https:\\\/\\\/gut-mietservice.de\\\/#\\\/schema\\\/logo\\\/image\\\/\",\"url\":\"https:\\\/\\\/gut-mietservice.de\\\/wp-content\\\/uploads\\\/cropped-Screenshot_20230930_142022_Chrome.jpg\",\"contentUrl\":\"https:\\\/\\\/gut-mietservice.de\\\/wp-content\\\/uploads\\\/cropped-Screenshot_20230930_142022_Chrome.jpg\",\"width\":785,\"height\":262,\"caption\":\"GUT Mietservice\"},\"image\":{\"@id\":\"https:\\\/\\\/gut-mietservice.de\\\/#\\\/schema\\\/logo\\\/image\\\/\"}}]}<\/script>\n<!-- \/ Yoast SEO plugin. -->","yoast_head_json":{"title":"Gut-Mietservice - GUT Mietservice","robots":{"index":"index","follow":"follow","max-snippet":"max-snippet:-1","max-image-preview":"max-image-preview:large","max-video-preview":"max-video-preview:-1"},"canonical":"https:\/\/gut-mietservice.de\/","og_locale":"de_DE","og_type":"article","og_title":"Gut-Mietservice - GUT Mietservice","og_description":"Sie ben\u00f6tigen schnell eine Maschine f\u00fcr Ihr Projekt?Sie brauchen dazu eine gute, einfache Erkl\u00e4rung wie diese funktioniert? Sie wollen einen Ansprechpartner habe, der sich k\u00fcmmert, wenn die Maschine bei Ihnen nicht so funktioniert wie gew\u00fcnscht? Wir sind Experten.Experten f\u00fcr Kfz und Maschinen.Und auch genervt, dass es immer noch umst\u00e4ndlich ist, Maschinen f\u00fcr unser n\u00e4chstes Garten&hellip; Gut-Mietservice weiterlesen","og_url":"https:\/\/gut-mietservice.de\/","og_site_name":"GUT Mietservice","article_modified_time":"2024-05-11T10:33:58+00:00","twitter_card":"summary_large_image","twitter_misc":{"Gesch\u00e4tzte Lesezeit":"1\u00a0Minute"},"schema":{"@context":"https:\/\/schema.org","@graph":[{"@type":"WebPage","@id":"https:\/\/gut-mietservice.de\/","url":"https:\/\/gut-mietservice.de\/","name":"Gut-Mietservice - GUT Mietservice","isPartOf":{"@id":"https:\/\/gut-mietservice.de\/#website"},"datePublished":"2023-10-03T13:10:10+00:00","dateModified":"2024-05-11T10:33:58+00:00","breadcrumb":{"@id":"https:\/\/gut-mietservice.de\/#breadcrumb"},"inLanguage":"de","potentialAction":[{"@type":"ReadAction","target":["https:\/\/gut-mietservice.de\/"]}]},{"@type":"BreadcrumbList","@id":"https:\/\/gut-mietservice.de\/#breadcrumb","itemListElement":[{"@type":"ListItem","position":1,"name":"Startseite","item":"https:\/\/gut-mietservice.de\/"},{"@type":"ListItem","position":2,"name":"Gut-Mietservice"}]},{"@type":"WebSite","@id":"https:\/\/gut-mietservice.de\/#website","url":"https:\/\/gut-mietservice.de\/","name":"GUT Mietservice","description":"Vermietung und Vertrieb von Baumaschinen","publisher":{"@id":"https:\/\/gut-mietservice.de\/#organization"},"potentialAction":[{"@type":"SearchAction","target":{"@type":"EntryPoint","urlTemplate":"https:\/\/gut-mietservice.de\/?s={search_term_string}"},"query-input":{"@type":"PropertyValueSpecification","valueRequired":true,"valueName":"search_term_string"}}],"inLanguage":"de"},{"@type":"Organization","@id":"https:\/\/gut-mietservice.de\/#organization","name":"GUT Mietservice","url":"https:\/\/gut-mietservice.de\/","logo":{"@type":"ImageObject","inLanguage":"de","@id":"https:\/\/gut-mietservice.de\/#\/schema\/logo\/image\/","url":"https:\/\/gut-mietservice.de\/wp-content\/uploads\/cropped-Screenshot_20230930_142022_Chrome.jpg","contentUrl":"https:\/\/gut-mietservice.de\/wp-content\/uploads\/cropped-Screenshot_20230930_142022_Chrome.jpg","width":785,"height":262,"caption":"GUT Mietservice"},"image":{"@id":"https:\/\/gut-mietservice.de\/#\/schema\/logo\/image\/"}}]}},"_links":{"self":[{"href":"https:\/\/gut-mietservice.de\/index.php?rest_route=\/wp\/v2\/pages\/552","targetHints":{"allow":["GET"]}}],"collection":[{"href":"https:\/\/gut-mietservice.de\/index.php?rest_route=\/wp\/v2\/pages"}],"about":[{"href":"https:\/\/gut-mietservice.de\/index.php?rest_route=\/wp\/v2\/types\/page"}],"author":[{"embeddable":true,"href":"https:\/\/gut-mietservice.de\/index.php?rest_route=\/wp\/v2\/users\/1"}],"replies":[{"embeddable":true,"href":"https:\/\/gut-mietservice.de\/index.php?rest_route=%2Fwp%2Fv2%2Fcomments&post=552"}],"version-history":[{"count":9,"href":"https:\/\/gut-mietservice.de\/index.php?rest_route=\/wp\/v2\/pages\/552\/revisions"}],"predecessor-version":[{"id":594,"href":"https:\/\/gut-mietservice.de\/index.php?rest_route=\/wp\/v2\/pages\/552\/revisions\/594"}],"wp:attachment":[{"href":"https:\/\/gut-mietservice.de\/index.php?rest_route=%2Fwp%2Fv2%2Fmedia&parent=552"}],"curies":[{"name":"wp","href":"https:\/\/api.w.org\/{rel}","templated":true}]}}